{"id":7440,"date":"2025-12-15T15:38:27","date_gmt":"2025-12-15T14:38:27","guid":{"rendered":"https:\/\/lafauriepeyragueylalique.com\/?page_id=7440"},"modified":"2025-12-16T09:49:52","modified_gmt":"2025-12-16T08:49:52","slug":"cooking-classes","status":"publish","type":"page","link":"https:\/\/www.lafauriepeyragueylalique.com\/en\/experiences\/cooking-classes\/","title":{"rendered":"Cooking classes"},"content":{"rendered":"","protected":false},"excerpt":{"rendered":"","protected":false},"author":2,"featured_media":0,"parent":4464,"menu_order":0,"comment_status":"closed","ping_status":"closed","template":"","meta":{"_acf_changed":false,"footnotes":""},"class_list":["post-7440","page","type-page","status-publish","hentry"],"acf":[],"yoast_head":"<!-- This site is optimized with the Yoast SEO plugin v26.0 - https:\/\/yoast.com\/wordpress\/plugins\/seo\/ -->\n<title>Cooking classes - Ch\u00e2teau Lafaurie Peyraguey<\/title>\n<meta name=\"description\" content=\"With the launching of his cooking class program at Ch\u00e2teau Lafaurie-Peyraguey, starred chef J\u00e9r\u00f4me Schilling wishes to share his knowledge, his know-how, and his passion for gastronomy and fresh products.Put on your apron for your first two-hour cooking class with Chef J\u00e9r\u00f4me Schilling. During this small-group culinary workshop, you will learn everything from regional cuisine to haute cuisine. The cooking classes will begin at the end of summer 2022 and the price per person is \u20ac80.\" \/>\n<meta name=\"robots\" content=\"index, follow, max-snippet:-1, max-image-preview:large, max-video-preview:-1\" \/>\n<link rel=\"canonical\" href=\"https:\/\/www.lafauriepeyragueylalique.com\/en\/experiences\/cooking-classes\/\" \/>\n<meta property=\"og:locale\" content=\"en_US\" \/>\n<meta property=\"og:type\" content=\"article\" \/>\n<meta property=\"og:title\" content=\"Cooking classes - Ch\u00e2teau Lafaurie Peyraguey\" \/>\n<meta property=\"og:description\" content=\"With the launching of his cooking class program at Ch\u00e2teau Lafaurie-Peyraguey, starred chef J\u00e9r\u00f4me Schilling wishes to share his knowledge, his know-how, and his passion for gastronomy and fresh products.Put on your apron for your first two-hour cooking class with Chef J\u00e9r\u00f4me Schilling. During this small-group culinary workshop, you will learn everything from regional cuisine to haute cuisine. The cooking classes will begin at the end of summer 2022 and the price per person is \u20ac80.\" \/>\n<meta property=\"og:url\" content=\"https:\/\/www.lafauriepeyragueylalique.com\/en\/experiences\/cooking-classes\/\" \/>\n<meta property=\"og:site_name\" content=\"Ch\u00e2teau Lafaurie Peyraguey\" \/>\n<meta property=\"article:modified_time\" content=\"2025-12-16T08:49:52+00:00\" \/>\n<meta name=\"twitter:card\" content=\"summary_large_image\" \/>\n<script type=\"application\/ld+json\" class=\"yoast-schema-graph\">{\"@context\":\"https:\/\/schema.org\",\"@graph\":[{\"@type\":\"WebPage\",\"@id\":\"https:\/\/www.lafauriepeyragueylalique.com\/en\/experiences\/cooking-classes\/\",\"url\":\"https:\/\/www.lafauriepeyragueylalique.com\/en\/experiences\/cooking-classes\/\",\"name\":\"Cooking classes - Ch\u00e2teau Lafaurie Peyraguey\",\"isPartOf\":{\"@id\":\"https:\/\/www.lafauriepeyragueylalique.com\/#website\"},\"datePublished\":\"2025-12-15T14:38:27+00:00\",\"dateModified\":\"2025-12-16T08:49:52+00:00\",\"description\":\"With the launching of his cooking class program at Ch\u00e2teau Lafaurie-Peyraguey, starred chef J\u00e9r\u00f4me Schilling wishes to share his knowledge, his know-how, and his passion for gastronomy and fresh products.Put on your apron for your first two-hour cooking class with Chef J\u00e9r\u00f4me Schilling. During this small-group culinary workshop, you will learn everything from regional cuisine to haute cuisine. The cooking classes will begin at the end of summer 2022 and the price per person is \u20ac80.\",\"breadcrumb\":{\"@id\":\"https:\/\/www.lafauriepeyragueylalique.com\/en\/experiences\/cooking-classes\/#breadcrumb\"},\"inLanguage\":\"en-US\",\"potentialAction\":[{\"@type\":\"ReadAction\",\"target\":[\"https:\/\/www.lafauriepeyragueylalique.com\/en\/experiences\/cooking-classes\/\"]}]},{\"@type\":\"BreadcrumbList\",\"@id\":\"https:\/\/www.lafauriepeyragueylalique.com\/en\/experiences\/cooking-classes\/#breadcrumb\",\"itemListElement\":[{\"@type\":\"ListItem\",\"position\":1,\"name\":\"Accueil\",\"item\":\"https:\/\/www.lafauriepeyragueylalique.com\/en\/\"},{\"@type\":\"ListItem\",\"position\":2,\"name\":\"Experiences\",\"item\":\"https:\/\/www.lafauriepeyragueylalique.com\/en\/experiences\/\"},{\"@type\":\"ListItem\",\"position\":3,\"name\":\"Cooking classes\"}]},{\"@type\":\"WebSite\",\"@id\":\"https:\/\/www.lafauriepeyragueylalique.com\/#website\",\"url\":\"https:\/\/www.lafauriepeyragueylalique.com\/\",\"name\":\"Ch\u00e2teau Lafaurie Peyraguey\",\"description\":\"H\u00f4tel &amp; Restaurant Lalique\",\"potentialAction\":[{\"@type\":\"SearchAction\",\"target\":{\"@type\":\"EntryPoint\",\"urlTemplate\":\"https:\/\/www.lafauriepeyragueylalique.com\/?s={search_term_string}\"},\"query-input\":{\"@type\":\"PropertyValueSpecification\",\"valueRequired\":true,\"valueName\":\"search_term_string\"}}],\"inLanguage\":\"en-US\"}]}<\/script>\n<!-- \/ Yoast SEO plugin. -->","yoast_head_json":{"title":"Cooking classes - Ch\u00e2teau Lafaurie Peyraguey","description":"With the launching of his cooking class program at Ch\u00e2teau Lafaurie-Peyraguey, starred chef J\u00e9r\u00f4me Schilling wishes to share his knowledge, his know-how, and his passion for gastronomy and fresh products.Put on your apron for your first two-hour cooking class with Chef J\u00e9r\u00f4me Schilling. During this small-group culinary workshop, you will learn everything from regional cuisine to haute cuisine. The cooking classes will begin at the end of summer 2022 and the price per person is \u20ac80.","robots":{"index":"index","follow":"follow","max-snippet":"max-snippet:-1","max-image-preview":"max-image-preview:large","max-video-preview":"max-video-preview:-1"},"canonical":"https:\/\/www.lafauriepeyragueylalique.com\/en\/experiences\/cooking-classes\/","og_locale":"en_US","og_type":"article","og_title":"Cooking classes - Ch\u00e2teau Lafaurie Peyraguey","og_description":"With the launching of his cooking class program at Ch\u00e2teau Lafaurie-Peyraguey, starred chef J\u00e9r\u00f4me Schilling wishes to share his knowledge, his know-how, and his passion for gastronomy and fresh products.Put on your apron for your first two-hour cooking class with Chef J\u00e9r\u00f4me Schilling. During this small-group culinary workshop, you will learn everything from regional cuisine to haute cuisine. The cooking classes will begin at the end of summer 2022 and the price per person is \u20ac80.","og_url":"https:\/\/www.lafauriepeyragueylalique.com\/en\/experiences\/cooking-classes\/","og_site_name":"Ch\u00e2teau Lafaurie Peyraguey","article_modified_time":"2025-12-16T08:49:52+00:00","twitter_card":"summary_large_image","schema":{"@context":"https:\/\/schema.org","@graph":[{"@type":"WebPage","@id":"https:\/\/www.lafauriepeyragueylalique.com\/en\/experiences\/cooking-classes\/","url":"https:\/\/www.lafauriepeyragueylalique.com\/en\/experiences\/cooking-classes\/","name":"Cooking classes - Ch\u00e2teau Lafaurie Peyraguey","isPartOf":{"@id":"https:\/\/www.lafauriepeyragueylalique.com\/#website"},"datePublished":"2025-12-15T14:38:27+00:00","dateModified":"2025-12-16T08:49:52+00:00","description":"With the launching of his cooking class program at Ch\u00e2teau Lafaurie-Peyraguey, starred chef J\u00e9r\u00f4me Schilling wishes to share his knowledge, his know-how, and his passion for gastronomy and fresh products.Put on your apron for your first two-hour cooking class with Chef J\u00e9r\u00f4me Schilling. During this small-group culinary workshop, you will learn everything from regional cuisine to haute cuisine. The cooking classes will begin at the end of summer 2022 and the price per person is \u20ac80.","breadcrumb":{"@id":"https:\/\/www.lafauriepeyragueylalique.com\/en\/experiences\/cooking-classes\/#breadcrumb"},"inLanguage":"en-US","potentialAction":[{"@type":"ReadAction","target":["https:\/\/www.lafauriepeyragueylalique.com\/en\/experiences\/cooking-classes\/"]}]},{"@type":"BreadcrumbList","@id":"https:\/\/www.lafauriepeyragueylalique.com\/en\/experiences\/cooking-classes\/#breadcrumb","itemListElement":[{"@type":"ListItem","position":1,"name":"Accueil","item":"https:\/\/www.lafauriepeyragueylalique.com\/en\/"},{"@type":"ListItem","position":2,"name":"Experiences","item":"https:\/\/www.lafauriepeyragueylalique.com\/en\/experiences\/"},{"@type":"ListItem","position":3,"name":"Cooking classes"}]},{"@type":"WebSite","@id":"https:\/\/www.lafauriepeyragueylalique.com\/#website","url":"https:\/\/www.lafauriepeyragueylalique.com\/","name":"Ch\u00e2teau Lafaurie Peyraguey","description":"H\u00f4tel &amp; Restaurant Lalique","potentialAction":[{"@type":"SearchAction","target":{"@type":"EntryPoint","urlTemplate":"https:\/\/www.lafauriepeyragueylalique.com\/?s={search_term_string}"},"query-input":{"@type":"PropertyValueSpecification","valueRequired":true,"valueName":"search_term_string"}}],"inLanguage":"en-US"}]}},"_links":{"self":[{"href":"https:\/\/www.lafauriepeyragueylalique.com\/en\/wp-json\/wp\/v2\/pages\/7440","targetHints":{"allow":["GET"]}}],"collection":[{"href":"https:\/\/www.lafauriepeyragueylalique.com\/en\/wp-json\/wp\/v2\/pages"}],"about":[{"href":"https:\/\/www.lafauriepeyragueylalique.com\/en\/wp-json\/wp\/v2\/types\/page"}],"author":[{"embeddable":true,"href":"https:\/\/www.lafauriepeyragueylalique.com\/en\/wp-json\/wp\/v2\/users\/2"}],"replies":[{"embeddable":true,"href":"https:\/\/www.lafauriepeyragueylalique.com\/en\/wp-json\/wp\/v2\/comments?post=7440"}],"version-history":[{"count":7,"href":"https:\/\/www.lafauriepeyragueylalique.com\/en\/wp-json\/wp\/v2\/pages\/7440\/revisions"}],"predecessor-version":[{"id":10480,"href":"https:\/\/www.lafauriepeyragueylalique.com\/en\/wp-json\/wp\/v2\/pages\/7440\/revisions\/10480"}],"up":[{"embeddable":true,"href":"https:\/\/www.lafauriepeyragueylalique.com\/en\/wp-json\/wp\/v2\/pages\/4464"}],"wp:attachment":[{"href":"https:\/\/www.lafauriepeyragueylalique.com\/en\/wp-json\/wp\/v2\/media?parent=7440"}],"curies":[{"name":"wp","href":"https:\/\/api.w.org\/{rel}","templated":true}]}}